{"id":1159,"date":"2017-06-10T08:25:52","date_gmt":"2017-06-10T08:25:52","guid":{"rendered":"https:\/\/www.diamondhaircenter.com\/iletisim\/"},"modified":"2021-03-21T16:58:10","modified_gmt":"2021-03-21T13:58:10","slug":"contactus","status":"publish","type":"page","link":"https:\/\/www.diamondhaircenter.com\/en\/contactus\/","title":{"rendered":"Contact Us"},"content":{"rendered":"<div class=\"wpb-content-wrapper\"><p>[vc_row][vc_column]<div id=\"cz_107002\" class=\"cz_107002\"><div id=\"make_appointment\" class=\"cz_popup_modal clr\"><div class=\"cz_popup_in\"><div><div id=\"cz_19251\" class=\"cz_19251 cz_cf7 clr\"><div>\n<div class=\"wpcf7 no-js\" id=\"wpcf7-f595-o1\" lang=\"en-US\" dir=\"ltr\" data-wpcf7-id=\"595\">\n<div class=\"screen-reader-response\"><p role=\"status\" aria-live=\"polite\" aria-atomic=\"true\"><\/p> <ul><\/ul><\/div>\n<form action=\"\/en\/wp-json\/wp\/v2\/pages\/1159#wpcf7-f595-o1\" method=\"post\" class=\"wpcf7-form init\" aria-label=\"Contact form\" novalidate=\"novalidate\" data-status=\"init\">\n<div style=\"display: none;\">\n<input type=\"hidden\" name=\"_wpcf7\" value=\"595\" \/>\n<input type=\"hidden\" name=\"_wpcf7_version\" value=\"6.0.5\" \/>\n<input type=\"hidden\" name=\"_wpcf7_locale\" value=\"en_US\" \/>\n<input type=\"hidden\" name=\"_wpcf7_unit_tag\" value=\"wpcf7-f595-o1\" \/>\n<input type=\"hidden\" name=\"_wpcf7_container_post\" value=\"0\" \/>\n<input type=\"hidden\" name=\"_wpcf7_posted_data_hash\" value=\"\" \/>\n<\/div>\n<p><span class=\"wpcf7-form-control-wrap\" data-name=\"your-name\"><input size=\"40\" maxlength=\"400\" class=\"wpcf7-form-control wpcf7-text wpcf7-validates-as-required\" aria-required=\"true\" aria-invalid=\"false\" placeholder=\"Name and Surname (*)\" value=\"\" type=\"text\" name=\"your-name\" \/><\/span>\n<\/p>\n<p><span class=\"wpcf7-form-control-wrap\" data-name=\"your-email\"><input size=\"40\" maxlength=\"400\" class=\"wpcf7-form-control wpcf7-email wpcf7-validates-as-required wpcf7-text wpcf7-validates-as-email\" aria-required=\"true\" aria-invalid=\"false\" placeholder=\"E-Mail Address (*)\" value=\"\" type=\"email\" name=\"your-email\" \/><\/span>\n<\/p>\n<p><span class=\"wpcf7-form-control-wrap\" data-name=\"menu-178\"><select class=\"wpcf7-form-control wpcf7-select\" aria-invalid=\"false\" name=\"menu-178\"><option value=\"Appointment\">Appointment<\/option><option value=\"Information\">Information<\/option><option value=\"Finance\">Finance<\/option><option value=\"Other\">Other<\/option><\/select><\/span>\n<\/p>\n<p><span class=\"wpcf7-form-control-wrap\" data-name=\"date-559\"><input class=\"wpcf7-form-control wpcf7-date wpcf7-validates-as-required wpcf7-validates-as-date\" aria-required=\"true\" aria-invalid=\"false\" placeholder=\"Select Day\" value=\"\" type=\"date\" name=\"date-559\" \/><\/span>\n<\/p>\n<p><span class=\"wpcf7-form-control-wrap\" data-name=\"your-message\"><textarea cols=\"40\" rows=\"10\" maxlength=\"2000\" class=\"wpcf7-form-control wpcf7-textarea\" aria-invalid=\"false\" placeholder=\"Message\" name=\"your-message\"><\/textarea><\/span>\n<\/p>\n<p><input class=\"wpcf7-form-control wpcf7-submit has-spinner\" type=\"submit\" value=\"Submit\" \/>\n<\/p><div class=\"wpcf7-response-output\" aria-hidden=\"true\"><\/div>\n<\/form>\n<\/div>\n<\/div><\/div><\/div><\/div><i class=\"fa czico-198-cancel cz_close_popup\"><\/i><div class=\"cz_overlay\"><\/div><\/div><\/div>[\/vc_column][\/vc_row][vc_row][vc_column]<div id=\"cz_91024\" class=\"cz_91024 cz_title clr cz_mobile_text_center cz_title_pos_inline tac\"><div class=\"cz_title_content\"><div class=\"cz_wpe_content\"><h2 style=\"text-align: center;\"><span style=\"color: #000000;\">Contact <span style=\"color: #22b4b1;\">Us<\/span><\/span><\/h2>\n<\/div><\/div><\/div><div class=\"cz_gap clr  hide_on_mobile\" style=\"height: 100px\"><\/div><div class=\"cz_gap show_on_mobile clr\" style=\"height: 50px\"><\/div>[\/vc_column][\/vc_row][vc_row][vc_column width=&#8221;1\/3&#8243;]<a href=\"mailto:merhaba@diamondhaircenter.com\"><div id=\"cz_108237\" class=\"cz_108237 services clr style1 cz_sbi_fx_6 services_b z99 wpb_animate_when_almost_visible fadeInUp\"><div class=\"service_custom\"><i class=\"fa fa-envelope\"><\/i><\/div><div class=\"service_text\"><h3>E-Mail<\/h3><div class=\"cz_wpe_content\"><span style=\"color: #ffffff;\">merhaba@diamondhaircenter.com<\/span><\/div><\/div><\/div><\/a>[\/vc_column][vc_column width=&#8221;1\/3&#8243;]<a href=\"tel:+905421223002\"><div id=\"cz_102590\" class=\"cz_102590 services clr style1 cz_sbi_fx_6 services_b z99 wpb_animate_when_almost_visible fadeInUp\"><div class=\"service_custom\"><i class=\"fa fa-envelope\"><\/i><\/div><div class=\"service_text\"><h3>Telephone<\/h3><div class=\"cz_wpe_content\"><span style=\"color: #ffffff;\">+90 (542) 122 30 02<\/span><\/div><\/div><\/div><\/a>[\/vc_column][vc_column width=&#8221;1\/3&#8243;]<a href=\"https:\/\/goo.gl\/maps\/6nm5vTJqFqQXKn4M8\"><div id=\"cz_90028\" class=\"cz_90028 services clr style1 cz_sbi_fx_6 services_b z99 wpb_animate_when_almost_visible fadeInUp\"><div class=\"service_custom\"><i class=\"fa fa-map-marker\"><\/i><\/div><div class=\"service_text\"><h3>Adress<\/h3><div class=\"cz_wpe_content\"><span style=\"color: #ffffff; font-size: 16px;\">The \u0130stanbul Residence, Prof. Dr. Turan G\u00fcne\u015f Cd., 34025 Zeytinburnu\/\u0130stanbul<\/span><\/div><\/div><\/div><\/a>[\/vc_column][\/vc_row][vc_row css=&#8221;.vc_custom_1514817007671{margin-bottom: -60px !important;}&#8221;][vc_column][vc_column_text]<iframe style=\"border: 0;\" tabindex=\"0\" src=\"https:\/\/www.google.com\/maps\/embed?pb=!1m14!1m8!1m3!1d12045.925676086395!2d28.8934413!3d40.992835!3m2!1i1024!2i768!4f13.1!3m3!1m2!1s0x0%3A0x64168decdf6166d1!2sThe%20%C4%B0stanbul%20Residence!5e0!3m2!1str!2str!4v1612660802587!5m2!1str!2str\" width=\"1920\" height=\"450\" frameborder=\"0\" allowfullscreen=\"allowfullscreen\" aria-hidden=\"false\"><\/iframe>[\/vc_column_text][\/vc_column][\/vc_row][vc_row css=&#8221;.vc_custom_1497126171788{background-position: center !important;background-repeat: no-repeat !important;background-size: cover !important;}&#8221;][vc_column width=&#8221;1\/4&#8243;][\/vc_column][vc_column width=&#8221;1\/2&#8243; offset=&#8221;vc_col-xs-12&#8243;]<div id=\"cz_19251\" class=\"cz_19251 cz_cf7 clr\"><div>\n<div class=\"wpcf7 no-js\" id=\"wpcf7-f595-o2\" lang=\"en-US\" dir=\"ltr\" data-wpcf7-id=\"595\">\n<div class=\"screen-reader-response\"><p role=\"status\" aria-live=\"polite\" aria-atomic=\"true\"><\/p> <ul><\/ul><\/div>\n<form action=\"\/en\/wp-json\/wp\/v2\/pages\/1159#wpcf7-f595-o2\" method=\"post\" class=\"wpcf7-form init\" aria-label=\"Contact form\" novalidate=\"novalidate\" data-status=\"init\">\n<div style=\"display: none;\">\n<input type=\"hidden\" name=\"_wpcf7\" value=\"595\" \/>\n<input type=\"hidden\" name=\"_wpcf7_version\" value=\"6.0.5\" \/>\n<input type=\"hidden\" name=\"_wpcf7_locale\" value=\"en_US\" \/>\n<input type=\"hidden\" name=\"_wpcf7_unit_tag\" value=\"wpcf7-f595-o2\" \/>\n<input type=\"hidden\" name=\"_wpcf7_container_post\" value=\"0\" \/>\n<input type=\"hidden\" name=\"_wpcf7_posted_data_hash\" value=\"\" \/>\n<\/div>\n<p><span class=\"wpcf7-form-control-wrap\" data-name=\"your-name\"><input size=\"40\" maxlength=\"400\" class=\"wpcf7-form-control wpcf7-text wpcf7-validates-as-required\" aria-required=\"true\" aria-invalid=\"false\" placeholder=\"Name and Surname (*)\" value=\"\" type=\"text\" name=\"your-name\" \/><\/span>\n<\/p>\n<p><span class=\"wpcf7-form-control-wrap\" data-name=\"your-email\"><input size=\"40\" maxlength=\"400\" class=\"wpcf7-form-control wpcf7-email wpcf7-validates-as-required wpcf7-text wpcf7-validates-as-email\" aria-required=\"true\" aria-invalid=\"false\" placeholder=\"E-Mail Address (*)\" value=\"\" type=\"email\" name=\"your-email\" \/><\/span>\n<\/p>\n<p><span class=\"wpcf7-form-control-wrap\" data-name=\"menu-178\"><select class=\"wpcf7-form-control wpcf7-select\" aria-invalid=\"false\" name=\"menu-178\"><option value=\"Appointment\">Appointment<\/option><option value=\"Information\">Information<\/option><option value=\"Finance\">Finance<\/option><option value=\"Other\">Other<\/option><\/select><\/span>\n<\/p>\n<p><span class=\"wpcf7-form-control-wrap\" data-name=\"date-559\"><input class=\"wpcf7-form-control wpcf7-date wpcf7-validates-as-required wpcf7-validates-as-date\" aria-required=\"true\" aria-invalid=\"false\" placeholder=\"Select Day\" value=\"\" type=\"date\" name=\"date-559\" \/><\/span>\n<\/p>\n<p><span class=\"wpcf7-form-control-wrap\" data-name=\"your-message\"><textarea cols=\"40\" rows=\"10\" maxlength=\"2000\" class=\"wpcf7-form-control wpcf7-textarea\" aria-invalid=\"false\" placeholder=\"Message\" name=\"your-message\"><\/textarea><\/span>\n<\/p>\n<p><input class=\"wpcf7-form-control wpcf7-submit has-spinner\" type=\"submit\" value=\"Submit\" \/>\n<\/p><div class=\"wpcf7-response-output\" aria-hidden=\"true\"><\/div>\n<\/form>\n<\/div>\n<\/div><\/div>[\/vc_column][vc_column width=&#8221;1\/4&#8243; offset=&#8221;vc_hidden-sm vc_hidden-xs&#8221;][\/vc_column][\/vc_row][vc_row][vc_column]<div class=\"cz_gap clr  hide_on_mobile\" style=\"height: 110px\"><\/div><div class=\"cz_gap show_on_mobile clr\" style=\"height: 50px\"><\/div><div id=\"cz_59025\" class=\"cz_59025 cz_social_icons cz_social clr cz_social_fx_6 tac\"><a href=\"#\" rel=\"noreferrer\" class=\"cz-facebook\" target=\"_blank\" title=\"Facebook\" aria-label=\"Facebook\"><i class=\"fa fa-facebook\"><\/i><\/a><a href=\"#\" rel=\"noreferrer\" class=\"cz-twitter\" target=\"_blank\" title=\"Twitter\" aria-label=\"Twitter\"><i class=\"fa fa-twitter\"><\/i><\/a><a href=\"#\" rel=\"noreferrer\" class=\"cz-linkedin\" target=\"_blank\" title=\"Linkedin\" aria-label=\"Linkedin\"><i class=\"fa fa-linkedin\"><\/i><\/a><a href=\"#\" rel=\"noreferrer\" class=\"cz-envelope\" target=\"_blank\" title=\"Email\" aria-label=\"Email\"><i class=\"fa fa-envelope\"><\/i><\/a><\/div><div class=\"cz_gap clr  hide_on_mobile\" style=\"height: 110px\"><\/div><div class=\"cz_gap show_on_mobile clr\" style=\"height: 50px\"><\/div><div class=\"cz_eqh cz_content_box_parent_fx  \"><div class=\"fx_zoom_0_hover\"><div id=\"cz_93351\" class=\"cz_93351 cz_content_box clr wpb_animate_when_almost_visible fadeIn\"><div class=\"cz_box_front clr\"><div class=\"cz_box_front_inner clr \"><span><\/span><div>[vc_row_inner][vc_column_inner width=&#8221;2\/3&#8243;]<div id=\"cz_19131\" class=\"cz_19131 cz_title clr cz_smart_fs cz_mobile_text_center cz_title_has_icon cz_title_pos_inline\"><div class=\"cz_title_content\"><i class=\"cz_title_icon_before fa czico-108-small-calendar\"><\/i><div class=\"cz_wpe_content\"><h3 style=\"line-height: 1.4;\"><span style=\"font-size: 34px;\"><span style=\"color: #ffffff;\">Set an Appointment<\/span><br \/>\n<\/span><\/h3>\n<p><span style=\"color: #ffffff;\">Either Call, or Mail or Write Us<br \/>\n<\/span><\/p>\n<\/div><\/div><\/div>[\/vc_column_inner][vc_column_inner width=&#8221;1\/3&#8243;]<div class=\"cz_gap clr \" style=\"height: 20px\"><\/div><div class=\"cz_btn_right cz_mobile_btn_center\"><div class=\"cz_24103_p\"><a id=\"cz_24103\" class=\"cz_24103 cz_btn cz_btn_txt_move_right cz_btn_no_fx cz_btn_icon_after\" href=\"#make_appointment\" title=\"Randevu Olu\u015ftur\"><span><strong>Appointment Form<\/strong><i class=\"fa fa-caret-right\"><\/i><\/span><b class=\"cz_btn_onhover\"><strong>Appointment Form<\/strong><i class=\"fa fa-caret-right\"><\/i><\/b><\/a><\/div><\/div><div class=\"clr\"><\/div>[\/vc_column_inner][\/vc_row_inner]<\/div><\/div><\/div><\/div><\/div><\/div><div class=\"cz_gap clr  hide_on_mobile\" style=\"height: 110px\"><\/div><div class=\"cz_gap show_on_mobile clr\" style=\"height: 50px\"><\/div>[\/vc_column][\/vc_row]<\/p>\n<\/div>","protected":false},"excerpt":{"rendered":"<p>[vc_row][vc_column][\/vc_column][\/vc_row][vc_row][vc_column][\/vc_column][\/vc_row][vc_row][vc_column width=&#8221;1\/3&#8243;][\/vc_column][vc_column width=&#8221;1\/3&#8243;][\/vc_column][vc_column width=&#8221;1\/3&#8243;][\/vc_column][\/vc_row][vc_row css=&#8221;.vc_custom_1514817007671{margin-bottom: -60px !important;}&#8221;][vc_column][vc_column_text][\/vc_column_text][\/vc_column][\/vc_row][vc_row css=&#8221;.vc_custom_1497126171788{background-position: center !important;background-repeat: no-repeat &#8230; <\/p>\n","protected":false},"author":1,"featured_media":0,"parent":0,"menu_order":0,"comment_status":"closed","ping_status":"closed","template":"","meta":{"footnotes":""},"class_list":["post-1159","page","type-page","status-publish","hentry"],"_links":{"self":[{"href":"https:\/\/www.diamondhaircenter.com\/en\/wp-json\/wp\/v2\/pages\/1159","targetHints":{"allow":["GET"]}}],"collection":[{"href":"https:\/\/www.diamondhaircenter.com\/en\/wp-json\/wp\/v2\/pages"}],"about":[{"href":"https:\/\/www.diamondhaircenter.com\/en\/wp-json\/wp\/v2\/types\/page"}],"author":[{"embeddable":true,"href":"https:\/\/www.diamondhaircenter.com\/en\/wp-json\/wp\/v2\/users\/1"}],"replies":[{"embeddable":true,"href":"https:\/\/www.diamondhaircenter.com\/en\/wp-json\/wp\/v2\/comments?post=1159"}],"version-history":[{"count":6,"href":"https:\/\/www.diamondhaircenter.com\/en\/wp-json\/wp\/v2\/pages\/1159\/revisions"}],"predecessor-version":[{"id":1270,"href":"https:\/\/www.diamondhaircenter.com\/en\/wp-json\/wp\/v2\/pages\/1159\/revisions\/1270"}],"wp:attachment":[{"href":"https:\/\/www.diamondhaircenter.com\/en\/wp-json\/wp\/v2\/media?parent=1159"}],"curies":[{"name":"wp","href":"https:\/\/api.w.org\/{rel}","templated":true}]}}